{"id":78,"date":"2020-07-22T17:16:06","date_gmt":"2020-07-22T15:16:06","guid":{"rendered":"http:\/\/vertou-rugby13.fr\/?page_id=78"},"modified":"2023-08-30T01:01:32","modified_gmt":"2023-08-29T23:01:32","slug":"happy-pole","status":"publish","type":"page","link":"https:\/\/www.vertou-rugby13.fr\/index.php\/happy-pole\/","title":{"rendered":"Encadrement"},"content":{"rendered":"\n<p><em><strong>Toutes nos \u00e9quipes sont encadr\u00e9es par des personnes b\u00e9n\u00e9voles form\u00e9es par la F\u00e9d\u00e9ration Fran\u00e7aise de Rugby \u00e0 XIII.<\/strong><\/em><\/p>\n\n\n\n<p><em><strong>Les \u00e9ducateurs ont un dipl\u00f4me f\u00e9d\u00e9ral, les coachs sont en cours de formation ou des jeunes investis dans leur club.<\/strong><\/em><\/p>\n\n\n\n<h2>Directeur \u00e9cole de rugby<\/h2>\n\n\n\n<ul><li><strong>Romaric ETIENNE<\/strong> (Coach)<\/li><\/ul>\n\n\n\n<h3>Baby Rugby (U5)<\/h3>\n\n\n\n<ul><li><strong>Marie-H\u00e9l\u00e8ne<\/strong>,<strong> Thimot\u00e9 et Jocelin <\/strong>(Coach)<\/li><\/ul>\n\n\n\n<h3 id=\"h.p_ID_42\"><a href=\"https:\/\/sites.google.com\/site\/vertou13\/le-club\/encadrement#h.p_ID_42\"><\/a>Premiers-pas (U7)<\/h3>\n\n\n\n<ul><li><strong>Thierry, Oswaldo, Florent  <\/strong>(Coach)<\/li><\/ul>\n\n\n\n<h3 id=\"h.p_ID_46\"><a href=\"https:\/\/sites.google.com\/site\/vertou13\/le-club\/encadrement#h.p_ID_46\"><\/a>Pupilles (U9)<\/h3>\n\n\n\n<ul><li><strong>Joey et Cl\u00e9ment <\/strong>(Coach)<\/li><\/ul>\n\n\n\n<h3 id=\"h.p_ID_52\"><a href=\"https:\/\/sites.google.com\/site\/vertou13\/le-club\/encadrement#h.p_ID_52\"><\/a>Poussins (U11)<\/h3>\n\n\n\n<ul><li><strong>Thimot\u00e9, Fabien et Mathieu <\/strong>(Coach)<\/li><\/ul>\n\n\n\n<h3 id=\"h.p_ID_58\"><a href=\"https:\/\/sites.google.com\/site\/vertou13\/le-club\/encadrement#h.p_ID_58\"><\/a>Benjamins (U13)<\/h3>\n\n\n\n<ul id=\"block-d6cc4aaa-11ef-4e8e-b7b7-e6455491ccbf\"><li><strong>Thomas, Antony et Florent <\/strong>(Coach)<\/li><\/ul>\n\n\n\n<h3 id=\"h.p_ID_64\"><a href=\"https:\/\/sites.google.com\/site\/vertou13\/le-club\/encadrement#h.p_ID_64\"><\/a>Minimes (U15)<\/h3>\n\n\n\n<ul><li><strong>Fabien <\/strong>(Coach)<\/li><\/ul>\n\n\n\n<h3 id=\"h.p_ID_68\"><a href=\"https:\/\/sites.google.com\/site\/vertou13\/le-club\/encadrement#h.p_ID_68\"><\/a>S\u00e9niors comp\u00e9tition et Loisirs <\/h3>\n\n\n\n<ul><li><strong>Fabien et Thomas<\/strong> (\u00c9ducateur \u00c9cole de Rugby XIII)<\/li><\/ul>\n\n\n\n<p><\/p>\n","protected":false},"excerpt":{"rendered":"<p>Toutes nos \u00e9quipes sont encadr\u00e9es par des personnes b\u00e9n\u00e9voles form\u00e9es par la F\u00e9d\u00e9ration Fran\u00e7aise de Rugby \u00e0 XIII. Les \u00e9ducateurs ont un dipl\u00f4me f\u00e9d\u00e9ral, les coachs sont en cours de formation ou des jeunes investis dans leur club. Directeur \u00e9cole de rugby Romaric ETIENNE (Coach) Baby Rugby (U5) Marie-H\u00e9l\u00e8ne, Thimot\u00e9 et Jocelin (Coach) Premiers-pas (U7) [&hellip;]<\/p>\n","protected":false},"author":1,"featured_media":0,"parent":0,"menu_order":0,"comment_status":"closed","ping_status":"closed","template":"","meta":[],"yoast_head":"<!-- This site is optimized with the Yoast SEO plugin v15.4 - https:\/\/yoast.com\/wordpress\/plugins\/seo\/ -->\n<title>Encadrement - Vertou rugby 13<\/title>\n<meta name=\"robots\" content=\"index, follow, max-snippet:-1, max-image-preview:large, max-video-preview:-1\" \/>\n<link rel=\"canonical\" href=\"https:\/\/www.vertou-rugby13.fr\/index.php\/happy-pole\/\" \/>\n<meta property=\"og:locale\" content=\"fr_FR\" \/>\n<meta property=\"og:type\" content=\"article\" \/>\n<meta property=\"og:title\" content=\"Encadrement - Vertou rugby 13\" \/>\n<meta property=\"og:description\" content=\"Toutes nos \u00e9quipes sont encadr\u00e9es par des personnes b\u00e9n\u00e9voles form\u00e9es par la F\u00e9d\u00e9ration Fran\u00e7aise de Rugby \u00e0 XIII. Les \u00e9ducateurs ont un dipl\u00f4me f\u00e9d\u00e9ral, les coachs sont en cours de formation ou des jeunes investis dans leur club. Directeur \u00e9cole de rugby Romaric ETIENNE (Coach) Baby Rugby (U5) Marie-H\u00e9l\u00e8ne, Thimot\u00e9 et Jocelin (Coach) Premiers-pas (U7) [&hellip;]\" \/>\n<meta property=\"og:url\" content=\"https:\/\/www.vertou-rugby13.fr\/index.php\/happy-pole\/\" \/>\n<meta property=\"og:site_name\" content=\"Vertou rugby 13\" \/>\n<meta property=\"article:publisher\" content=\"https:\/\/www.facebook.com\/groups\/108245729237551\" \/>\n<meta property=\"article:modified_time\" content=\"2023-08-29T23:01:32+00:00\" \/>\n<meta name=\"twitter:card\" content=\"summary_large_image\" \/>\n<meta name=\"twitter:label1\" content=\"\u00c9crit par\">\n\t<meta name=\"twitter:data1\" content=\"admin3858\">\n\t<meta name=\"twitter:label2\" content=\"Dur\u00e9e de lecture est.\">\n\t<meta name=\"twitter:data2\" content=\"0 minute\">\n<script type=\"application\/ld+json\" class=\"yoast-schema-graph\">{\"@context\":\"https:\/\/schema.org\",\"@graph\":[{\"@type\":\"Organization\",\"@id\":\"https:\/\/www.vertou-rugby13.fr\/#organization\",\"name\":\"Vertou Rugby 13\",\"url\":\"https:\/\/www.vertou-rugby13.fr\/\",\"sameAs\":[\"https:\/\/www.facebook.com\/groups\/108245729237551\"],\"logo\":{\"@type\":\"ImageObject\",\"@id\":\"https:\/\/www.vertou-rugby13.fr\/#logo\",\"inLanguage\":\"fr-FR\",\"url\":\"https:\/\/www.vertou-rugby13.fr\/wp-content\/uploads\/2020\/07\/Logo-carre.png\",\"width\":1000,\"height\":1000,\"caption\":\"Vertou Rugby 13\"},\"image\":{\"@id\":\"https:\/\/www.vertou-rugby13.fr\/#logo\"}},{\"@type\":\"WebSite\",\"@id\":\"https:\/\/www.vertou-rugby13.fr\/#website\",\"url\":\"https:\/\/www.vertou-rugby13.fr\/\",\"name\":\"Vertou rugby 13\",\"description\":\"\",\"publisher\":{\"@id\":\"https:\/\/www.vertou-rugby13.fr\/#organization\"},\"potentialAction\":[{\"@type\":\"SearchAction\",\"target\":\"https:\/\/www.vertou-rugby13.fr\/?s={search_term_string}\",\"query-input\":\"required name=search_term_string\"}],\"inLanguage\":\"fr-FR\"},{\"@type\":\"WebPage\",\"@id\":\"https:\/\/www.vertou-rugby13.fr\/index.php\/happy-pole\/#webpage\",\"url\":\"https:\/\/www.vertou-rugby13.fr\/index.php\/happy-pole\/\",\"name\":\"Encadrement - Vertou rugby 13\",\"isPartOf\":{\"@id\":\"https:\/\/www.vertou-rugby13.fr\/#website\"},\"datePublished\":\"2020-07-22T15:16:06+00:00\",\"dateModified\":\"2023-08-29T23:01:32+00:00\",\"inLanguage\":\"fr-FR\",\"potentialAction\":[{\"@type\":\"ReadAction\",\"target\":[\"https:\/\/www.vertou-rugby13.fr\/index.php\/happy-pole\/\"]}]}]}<\/script>\n<!-- \/ Yoast SEO plugin. -->","_links":{"self":[{"href":"https:\/\/www.vertou-rugby13.fr\/index.php\/wp-json\/wp\/v2\/pages\/78"}],"collection":[{"href":"https:\/\/www.vertou-rugby13.fr\/index.php\/wp-json\/wp\/v2\/pages"}],"about":[{"href":"https:\/\/www.vertou-rugby13.fr\/index.php\/wp-json\/wp\/v2\/types\/page"}],"author":[{"embeddable":true,"href":"https:\/\/www.vertou-rugby13.fr\/index.php\/wp-json\/wp\/v2\/users\/1"}],"replies":[{"embeddable":true,"href":"https:\/\/www.vertou-rugby13.fr\/index.php\/wp-json\/wp\/v2\/comments?post=78"}],"version-history":[{"count":8,"href":"https:\/\/www.vertou-rugby13.fr\/index.php\/wp-json\/wp\/v2\/pages\/78\/revisions"}],"predecessor-version":[{"id":1137,"href":"https:\/\/www.vertou-rugby13.fr\/index.php\/wp-json\/wp\/v2\/pages\/78\/revisions\/1137"}],"wp:attachment":[{"href":"https:\/\/www.vertou-rugby13.fr\/index.php\/wp-json\/wp\/v2\/media?parent=78"}],"curies":[{"name":"wp","href":"https:\/\/api.w.org\/{rel}","templated":true}]}}