{"id":72,"date":"2020-07-22T10:47:33","date_gmt":"2020-07-22T08:47:33","guid":{"rendered":"http:\/\/vertou-rugby13.fr\/?page_id=72"},"modified":"2020-09-20T20:48:11","modified_gmt":"2020-09-20T18:48:11","slug":"equipes","status":"publish","type":"page","link":"https:\/\/www.vertou-rugby13.fr\/index.php\/equipes\/","title":{"rendered":"Equipes"},"content":{"rendered":"\n<p>Dans chaque club de Rugby \u00e0 XIII, les \u00e9quipes sont class\u00e9es en cycles :<\/p>\n\n\n\n<h3 id=\"h.p_ID_34\"><a href=\"https:\/\/sites.google.com\/site\/vertou13\/nos-equipes#h.p_ID_34\"><\/a>L&rsquo;Ecole de Rugby :<\/h3>\n\n\n\n<p>Les enfants de 3 \u00e0 13 ans \u00e9voluent dans un contexte prot\u00e9g\u00e9, c&rsquo;est \u00e0 dire que les r\u00e8glements et m\u00e9thodes de jeux assurent une s\u00e9curit\u00e9 maximum \u00e0 chacun. Cela s&rsquo;appelle les \u00ab\u00a0<a href=\"http:\/\/www.google.com\/url?q=http%3A%2F%2Fwww.ffr13.fr%2Fwp-content%2Fuploads%2F2013%2F08%2FCode-12-13-N383.pdf&amp;sa=D&amp;sntz=1&amp;usg=AFQjCNEbmYycFQd-a8docfLNBCpJQzBy-g\" target=\"_blank\" rel=\"noreferrer noopener\">R\u00e8gles du Fair-Play<\/a>\u00ab\u00a0<\/p>\n\n\n\n<h3 id=\"h.p_ID_38\"><a href=\"https:\/\/sites.google.com\/site\/vertou13\/nos-equipes#h.p_ID_38\"><\/a>Les Jeunes :<\/h3>\n\n\n\n<p>De 14 \u00e0 16 ans, ils \u00e9voluent et apprennent toujours pour devenir des rugbymen complets.<\/p>\n\n\n\n<h3 id=\"h.p_ID_42\"><a href=\"https:\/\/sites.google.com\/site\/vertou13\/nos-equipes#h.p_ID_42\"><\/a>Les Loisirs :<\/h3>\n\n\n\n<p>A partir de 16 ans, les joueurs sont des parents, des jeunes, &#8230;. Ils jouent suivant plusieurs r\u00e8gles :<\/p>\n\n\n\n<ul><li>\u00ab\u00a0\u00e0 toucher\u00a0\u00bb : le placage est juste une marque \u00e0 deux mains sur l&rsquo;adversaire.<\/li><li>\u00ab\u00a0\u00e0 ceinturer\u00a0\u00bb : le placage s&rsquo;engage mais ne va pas jusque au bout. (pas de mise au sol)<\/li><li>\u00ab\u00a0\u00e0 plaquer\u00a0\u00bb : jeu classique avec placage<\/li><\/ul>\n\n\n\n<figure class=\"wp-block-image size-large is-resized\"><img loading=\"lazy\" src=\"https:\/\/www.vertou-rugby13.fr\/wp-content\/uploads\/2020\/07\/17361750_1388504217905569_8929458919706702169_n.jpg\" alt=\"\" class=\"wp-image-181\" width=\"633\" height=\"474\" srcset=\"https:\/\/www.vertou-rugby13.fr\/wp-content\/uploads\/2020\/07\/17361750_1388504217905569_8929458919706702169_n.jpg 840w, https:\/\/www.vertou-rugby13.fr\/wp-content\/uploads\/2020\/07\/17361750_1388504217905569_8929458919706702169_n-600x450.jpg 600w, https:\/\/www.vertou-rugby13.fr\/wp-content\/uploads\/2020\/07\/17361750_1388504217905569_8929458919706702169_n-300x225.jpg 300w, https:\/\/www.vertou-rugby13.fr\/wp-content\/uploads\/2020\/07\/17361750_1388504217905569_8929458919706702169_n-768x576.jpg 768w, https:\/\/www.vertou-rugby13.fr\/wp-content\/uploads\/2020\/07\/17361750_1388504217905569_8929458919706702169_n-128x96.jpg 128w, https:\/\/www.vertou-rugby13.fr\/wp-content\/uploads\/2020\/07\/17361750_1388504217905569_8929458919706702169_n-32x24.jpg 32w\" sizes=\"(max-width: 633px) 100vw, 633px\" \/><\/figure>\n","protected":false},"excerpt":{"rendered":"<p>Dans chaque club de Rugby \u00e0 XIII, les \u00e9quipes sont class\u00e9es en cycles : L&rsquo;Ecole de Rugby : Les enfants de 3 \u00e0 13 ans \u00e9voluent dans un contexte prot\u00e9g\u00e9, c&rsquo;est \u00e0 dire que les r\u00e8glements et m\u00e9thodes de jeux assurent une s\u00e9curit\u00e9 maximum \u00e0 chacun. Cela s&rsquo;appelle les \u00ab\u00a0R\u00e8gles du Fair-Play\u00ab\u00a0 Les Jeunes : [&hellip;]<\/p>\n","protected":false},"author":1,"featured_media":0,"parent":0,"menu_order":0,"comment_status":"closed","ping_status":"closed","template":"","meta":[],"yoast_head":"<!-- This site is optimized with the Yoast SEO plugin v15.4 - https:\/\/yoast.com\/wordpress\/plugins\/seo\/ -->\n<title>Equipes - Vertou rugby 13<\/title>\n<meta name=\"robots\" content=\"index, follow, max-snippet:-1, max-image-preview:large, max-video-preview:-1\" \/>\n<link rel=\"canonical\" href=\"https:\/\/www.vertou-rugby13.fr\/index.php\/equipes\/\" \/>\n<meta property=\"og:locale\" content=\"fr_FR\" \/>\n<meta property=\"og:type\" content=\"article\" \/>\n<meta property=\"og:title\" content=\"Equipes - Vertou rugby 13\" \/>\n<meta property=\"og:description\" content=\"Dans chaque club de Rugby \u00e0 XIII, les \u00e9quipes sont class\u00e9es en cycles : L&rsquo;Ecole de Rugby : Les enfants de 3 \u00e0 13 ans \u00e9voluent dans un contexte prot\u00e9g\u00e9, c&rsquo;est \u00e0 dire que les r\u00e8glements et m\u00e9thodes de jeux assurent une s\u00e9curit\u00e9 maximum \u00e0 chacun. Cela s&rsquo;appelle les \u00ab\u00a0R\u00e8gles du Fair-Play\u00ab\u00a0 Les Jeunes : [&hellip;]\" \/>\n<meta property=\"og:url\" content=\"https:\/\/www.vertou-rugby13.fr\/index.php\/equipes\/\" \/>\n<meta property=\"og:site_name\" content=\"Vertou rugby 13\" \/>\n<meta property=\"article:publisher\" content=\"https:\/\/www.facebook.com\/groups\/108245729237551\" \/>\n<meta property=\"article:modified_time\" content=\"2020-09-20T18:48:11+00:00\" \/>\n<meta property=\"og:image\" content=\"https:\/\/www.vertou-rugby13.fr\/wp-content\/uploads\/2020\/07\/17361750_1388504217905569_8929458919706702169_n.jpg\" \/>\n<meta name=\"twitter:card\" content=\"summary_large_image\" \/>\n<meta name=\"twitter:label1\" content=\"\u00c9crit par\">\n\t<meta name=\"twitter:data1\" content=\"admin3858\">\n\t<meta name=\"twitter:label2\" content=\"Dur\u00e9e de lecture est.\">\n\t<meta name=\"twitter:data2\" content=\"0 minute\">\n<script type=\"application\/ld+json\" class=\"yoast-schema-graph\">{\"@context\":\"https:\/\/schema.org\",\"@graph\":[{\"@type\":\"Organization\",\"@id\":\"https:\/\/www.vertou-rugby13.fr\/#organization\",\"name\":\"Vertou Rugby 13\",\"url\":\"https:\/\/www.vertou-rugby13.fr\/\",\"sameAs\":[\"https:\/\/www.facebook.com\/groups\/108245729237551\"],\"logo\":{\"@type\":\"ImageObject\",\"@id\":\"https:\/\/www.vertou-rugby13.fr\/#logo\",\"inLanguage\":\"fr-FR\",\"url\":\"https:\/\/www.vertou-rugby13.fr\/wp-content\/uploads\/2020\/07\/Logo-carre.png\",\"width\":1000,\"height\":1000,\"caption\":\"Vertou Rugby 13\"},\"image\":{\"@id\":\"https:\/\/www.vertou-rugby13.fr\/#logo\"}},{\"@type\":\"WebSite\",\"@id\":\"https:\/\/www.vertou-rugby13.fr\/#website\",\"url\":\"https:\/\/www.vertou-rugby13.fr\/\",\"name\":\"Vertou rugby 13\",\"description\":\"\",\"publisher\":{\"@id\":\"https:\/\/www.vertou-rugby13.fr\/#organization\"},\"potentialAction\":[{\"@type\":\"SearchAction\",\"target\":\"https:\/\/www.vertou-rugby13.fr\/?s={search_term_string}\",\"query-input\":\"required name=search_term_string\"}],\"inLanguage\":\"fr-FR\"},{\"@type\":\"ImageObject\",\"@id\":\"https:\/\/www.vertou-rugby13.fr\/index.php\/equipes\/#primaryimage\",\"inLanguage\":\"fr-FR\",\"url\":\"https:\/\/www.vertou-rugby13.fr\/wp-content\/uploads\/2020\/07\/17361750_1388504217905569_8929458919706702169_n.jpg\",\"width\":840,\"height\":630},{\"@type\":\"WebPage\",\"@id\":\"https:\/\/www.vertou-rugby13.fr\/index.php\/equipes\/#webpage\",\"url\":\"https:\/\/www.vertou-rugby13.fr\/index.php\/equipes\/\",\"name\":\"Equipes - Vertou rugby 13\",\"isPartOf\":{\"@id\":\"https:\/\/www.vertou-rugby13.fr\/#website\"},\"primaryImageOfPage\":{\"@id\":\"https:\/\/www.vertou-rugby13.fr\/index.php\/equipes\/#primaryimage\"},\"datePublished\":\"2020-07-22T08:47:33+00:00\",\"dateModified\":\"2020-09-20T18:48:11+00:00\",\"inLanguage\":\"fr-FR\",\"potentialAction\":[{\"@type\":\"ReadAction\",\"target\":[\"https:\/\/www.vertou-rugby13.fr\/index.php\/equipes\/\"]}]}]}<\/script>\n<!-- \/ Yoast SEO plugin. -->","_links":{"self":[{"href":"https:\/\/www.vertou-rugby13.fr\/index.php\/wp-json\/wp\/v2\/pages\/72"}],"collection":[{"href":"https:\/\/www.vertou-rugby13.fr\/index.php\/wp-json\/wp\/v2\/pages"}],"about":[{"href":"https:\/\/www.vertou-rugby13.fr\/index.php\/wp-json\/wp\/v2\/types\/page"}],"author":[{"embeddable":true,"href":"https:\/\/www.vertou-rugby13.fr\/index.php\/wp-json\/wp\/v2\/users\/1"}],"replies":[{"embeddable":true,"href":"https:\/\/www.vertou-rugby13.fr\/index.php\/wp-json\/wp\/v2\/comments?post=72"}],"version-history":[{"count":3,"href":"https:\/\/www.vertou-rugby13.fr\/index.php\/wp-json\/wp\/v2\/pages\/72\/revisions"}],"predecessor-version":[{"id":362,"href":"https:\/\/www.vertou-rugby13.fr\/index.php\/wp-json\/wp\/v2\/pages\/72\/revisions\/362"}],"wp:attachment":[{"href":"https:\/\/www.vertou-rugby13.fr\/index.php\/wp-json\/wp\/v2\/media?parent=72"}],"curies":[{"name":"wp","href":"https:\/\/api.w.org\/{rel}","templated":true}]}}