{"id":257,"date":"2020-07-29T16:34:54","date_gmt":"2020-07-29T14:34:54","guid":{"rendered":"https:\/\/www.vertou-rugby13.fr\/?page_id=257"},"modified":"2023-08-30T00:36:04","modified_gmt":"2023-08-29T22:36:04","slug":"inscription-2020-2021","status":"publish","type":"page","link":"https:\/\/www.vertou-rugby13.fr\/index.php\/inscription-2020-2021\/","title":{"rendered":"Inscription 2023-2024"},"content":{"rendered":"\n<p>1 &#8211; T\u00e9l\u00e9charger  imprimer et remplir l&rsquo;<strong>Imprim\u00e9 License FFR 2023-24 <\/strong>(IL)<\/p>\n\n\n\n<p>cochez les cases SVP (Renouvellement pour les anciens ou nouvelle licence pour les nouveaux.&nbsp; Licence Comp\u00e9tion\/Profesionnel. Les cases en dessous  OUI + N2 (assurance niveau 2) sont d\u00e9j\u00e0 pr\u00e9 coch\u00e9es. <\/p>\n\n\n\n<p><strong>En dessous , les cases \u00a0\u00bb Je d\u00e9clare\u2026puis Je m&rsquo;engage\u2026\u00a0\u00bb sont d\u00e9j\u00e0 coch\u00e9es, vous n&rsquo;avez plus qu&rsquo;\u00e0 dater et signer C&rsquo;est obligatoire.<\/strong><\/p>\n\n\n\n<div class=\"wp-block-file\"><a href=\"https:\/\/www.vertou-rugby13.fr\/wp-content\/uploads\/2023\/08\/IMPRIME-LICENCE-SAISON-2023.2024-FFRXIII.pdf\">IMPRIME-LICENCE-SAISON-2023.2024-FFRXIII<\/a><a href=\"https:\/\/www.vertou-rugby13.fr\/wp-content\/uploads\/2023\/08\/IMPRIME-LICENCE-SAISON-2023.2024-FFRXIII.pdf\" class=\"wp-block-file__button\" download>T\u00e9l\u00e9charger<\/a><\/div>\n\n\n\n<p>2- T\u00e9l\u00e9charger  imprimer et remplir la fiche d&rsquo;<strong>inscription du club 2023-24<\/strong> (FC)<\/p>\n\n\n\n<p>(tarif cotisation, heure d&rsquo;entrainement, droit \u00e0 l&rsquo;image, \u00e9ventuels pbs de sant\u00e9 comme Asthme&#8230;)<\/p>\n\n\n\n<div class=\"wp-block-file\"><a href=\"https:\/\/www.vertou-rugby13.fr\/wp-content\/uploads\/2023\/08\/Fiche-club-dinscription-2023-24.docx\">Fiche-club-dinscription-2023-24<\/a><a href=\"https:\/\/www.vertou-rugby13.fr\/wp-content\/uploads\/2023\/08\/Fiche-club-dinscription-2023-24.docx\" class=\"wp-block-file__button\" download>T\u00e9l\u00e9charger<\/a><\/div>\n\n\n\n<p>3 -T\u00e9l\u00e9charger imprimer et faire remplir par votre m\u00e9decin le<strong> certificat m\u00e9dical <\/strong>de la FFR (si autres formats choisis, merci de bien faire mentionner \u00ab\u00a0<strong>apte \u00e0 la pratique du rugby<\/strong>\u00ab\u00a0) (CM)<\/p>\n\n\n\n<div class=\"wp-block-file\"><a href=\"https:\/\/www.vertou-rugby13.fr\/wp-content\/uploads\/2023\/08\/CERTIFICAT-MEDICAL-DE-PRATIQUE.pdf\">CERTIFICAT-MEDICAL-DE-PRATIQUE<\/a><a href=\"https:\/\/www.vertou-rugby13.fr\/wp-content\/uploads\/2023\/08\/CERTIFICAT-MEDICAL-DE-PRATIQUE.pdf\" class=\"wp-block-file__button\" download>T\u00e9l\u00e9charger<\/a><\/div>\n\n\n\n<p><strong>Pour les envois num\u00e9riques <\/strong><\/p>\n\n\n\n<p>4- Scanner si possible les documents comme suivant avec :<\/p>\n\n\n\n<p>Nom du doc (soit IL ou FC ou CM) suivit d&rsquo;un espace puis du nom de famille : Cela nous fera gagner un temps pr\u00e9cieux pour l&rsquo;inscription sur le site de la FFR.<\/p>\n\n\n\n<ol><li>Imprim\u00e9 Licence &#8211; ex : IL Nom<\/li><li>Certificat M\u00e9d\u00e9cial &#8211; ex : CM Nom<\/li><li>Pi\u00e8ce d&rsquo;Identit\u00e9 &#8211; ex : PI Nom (seulement pour les nouveaux Licenci\u00e9s)<\/li><li>Photo num\u00e9rique (avec t\u00e9l\u00e9phone suffit) : Photo Nom (seulement pour les nouveaux Licenci\u00e9s)<\/li><\/ol>\n\n\n\n<p>5- Transmettre tous les  documents suivants par mail (<a target=\"_blank\" href=\"mailto:vertou13@msn.com\" rel=\"noreferrer noopener\">vertou13@msn.com<\/a>):<\/p>\n\n\n\n<p>6- Payer votre cotisation \u00e0 l&rsquo;aide du RIB ou par ch\u00e8que \u00e0 rendre d\u00e8s la rentr\u00e9e.<\/p>\n\n\n\n<p>Note: les ch\u00e8ques ANCV ne sont plus accept\u00e9s<\/p>\n\n\n\n<p><strong>Pour l&rsquo;inscription physique<\/strong><\/p>\n\n\n\n<p>4-transmettre le dossier avec les fichiers suivants en physique avec ch\u00e8que lors du forum des associations le 4 Septembre.<\/p>\n\n\n\n<ol><li>Imprim\u00e9 Licence<\/li><li>Certificat M\u00e9d\u00e9cial <\/li><li>Pi\u00e8ce d&rsquo;Identit\u00e9  (seulement pour les nouveaux Licenci\u00e9s)<\/li><li>Photo num\u00e9rique  (seulement pour les nouveaux Licenci\u00e9s)<\/li><\/ol>\n\n\n\n<p>5- Transmettre tous les  documents suivants par mail (<a target=\"_blank\" href=\"mailto:vertou13@msn.com\" rel=\"noreferrer noopener\">vertou13@msn.com<\/a>):<\/p>\n\n\n\n<p>6- Payer votre cotisation \u00e0 l&rsquo;aide du RIB ou par ch\u00e8que \u00e0 rendre d\u00e8s la rentr\u00e9e<\/p>\n\n\n\n<p><strong>IMPORTANT ASSURANCE :<\/strong> Tous les membres et Licenci\u00e9s sportifs b\u00e9n\u00e9ficieront de la garantie \u00ab\u00a0individuelle Accident\u00a0\u00bb propos\u00e9 par la FFR XIII et son assureur Pr\u00e9viXIII\u00a0 de\u00a0\u00a0<strong>Niveau 2 ( Licence Comp\u00e9tition).<\/strong> Cette assurance est comprise dans le prix de la cotisation que vous versez au club. Vous trouverez ce qui inclus dans cette assurance <a href=\"https:\/\/www.vertou-rugby13.fr\/wp-content\/uploads\/2023\/08\/DOCUMENTATION-ASSURANCES-FFR-XIII-2023-24.pdf\">ici.<\/a><\/p>\n\n\n\n<p>Si vous voulez une assurance compl\u00e9mentaire, elle sera \u00e0 votre charge. <\/p>\n\n\n\n<p><strong>A noter aussi que chaque entraineur aura sa licence entraineur et joueur&nbsp;pay\u00e9 par le club<\/strong>. Une r\u00e9duction de 10% s&rsquo;applique sur les fratries (ex : 2 fr\u00e8res un U5 (60 \u20ac) et un U7 (70\u20ac) = 130 \u20ac &#8211; 10 % (13\u20ac) = 117 \u20ac.<\/p>\n\n\n\n<p>Le club a vu ses effectifs bondir de 30% encore cette ann\u00e9e. Nous avons au minimum une vingtaine de nouveaux inscrits \u00e0 ce jour pour la saison prochaine. Je rappelle que 11 \u00e9ducateurs sont form\u00e9s par la FFR afin d&rsquo;accueillir et de former au mieux nos petits Kangourous ! La saison prochaine s&rsquo;annonce pleines de promesses !<br>La rentr\u00e9e sur le terrain est pour le 9 Septembre !<br>D&rsquo;ici l\u00e0, j&rsquo;esp\u00e8re vous voir au forum des association qui est le 2 Septembre, <br>N&rsquo;h\u00e9sitez pas \u00e0 me contacter si vous avez des questions.<br>Sportivement,<\/p>\n\n\n\n<p><br>Florent Long\u00e9p\u00e9e Pr\u00e9sident Vertou XIII Rugbytel : 06 62 66 29 32<\/p>\n","protected":false},"excerpt":{"rendered":"<p>1 &#8211; T\u00e9l\u00e9charger imprimer et remplir l&rsquo;Imprim\u00e9 License FFR 2023-24 (IL) cochez les cases SVP (Renouvellement pour les anciens ou nouvelle licence pour les nouveaux.&nbsp; Licence Comp\u00e9tion\/Profesionnel. Les cases en dessous OUI + N2 (assurance niveau 2) sont d\u00e9j\u00e0 pr\u00e9 coch\u00e9es. En dessous , les cases \u00a0\u00bb Je d\u00e9clare\u2026puis Je m&rsquo;engage\u2026\u00a0\u00bb sont d\u00e9j\u00e0 coch\u00e9es, vous [&hellip;]<\/p>\n","protected":false},"author":1,"featured_media":88,"parent":0,"menu_order":0,"comment_status":"closed","ping_status":"closed","template":"","meta":[],"yoast_head":"<!-- This site is optimized with the Yoast SEO plugin v15.4 - https:\/\/yoast.com\/wordpress\/plugins\/seo\/ -->\n<title>Inscription 2023-2024 - Vertou rugby 13<\/title>\n<meta name=\"robots\" content=\"index, follow, max-snippet:-1, max-image-preview:large, max-video-preview:-1\" \/>\n<link rel=\"canonical\" href=\"https:\/\/www.vertou-rugby13.fr\/index.php\/inscription-2020-2021\/\" \/>\n<meta property=\"og:locale\" content=\"fr_FR\" \/>\n<meta property=\"og:type\" content=\"article\" \/>\n<meta property=\"og:title\" content=\"Inscription 2023-2024 - Vertou rugby 13\" \/>\n<meta property=\"og:description\" content=\"1 &#8211; T\u00e9l\u00e9charger imprimer et remplir l&rsquo;Imprim\u00e9 License FFR 2023-24 (IL) cochez les cases SVP (Renouvellement pour les anciens ou nouvelle licence pour les nouveaux.&nbsp; Licence Comp\u00e9tion\/Profesionnel. Les cases en dessous OUI + N2 (assurance niveau 2) sont d\u00e9j\u00e0 pr\u00e9 coch\u00e9es. En dessous , les cases \u00a0\u00bb Je d\u00e9clare\u2026puis Je m&rsquo;engage\u2026\u00a0\u00bb sont d\u00e9j\u00e0 coch\u00e9es, vous [&hellip;]\" \/>\n<meta property=\"og:url\" content=\"https:\/\/www.vertou-rugby13.fr\/index.php\/inscription-2020-2021\/\" \/>\n<meta property=\"og:site_name\" content=\"Vertou rugby 13\" \/>\n<meta property=\"article:publisher\" content=\"https:\/\/www.facebook.com\/groups\/108245729237551\" \/>\n<meta property=\"article:modified_time\" content=\"2023-08-29T22:36:04+00:00\" \/>\n<meta property=\"og:image\" content=\"https:\/\/www.vertou-rugby13.fr\/wp-content\/uploads\/2020\/07\/we-need-you-1.jpg\" \/>\n\t<meta property=\"og:image:width\" content=\"512\" \/>\n\t<meta property=\"og:image:height\" content=\"290\" \/>\n<meta name=\"twitter:card\" content=\"summary_large_image\" \/>\n<meta name=\"twitter:label1\" content=\"\u00c9crit par\">\n\t<meta name=\"twitter:data1\" content=\"admin3858\">\n\t<meta name=\"twitter:label2\" content=\"Dur\u00e9e de lecture est.\">\n\t<meta name=\"twitter:data2\" content=\"2 minutes\">\n<script type=\"application\/ld+json\" class=\"yoast-schema-graph\">{\"@context\":\"https:\/\/schema.org\",\"@graph\":[{\"@type\":\"Organization\",\"@id\":\"https:\/\/www.vertou-rugby13.fr\/#organization\",\"name\":\"Vertou Rugby 13\",\"url\":\"https:\/\/www.vertou-rugby13.fr\/\",\"sameAs\":[\"https:\/\/www.facebook.com\/groups\/108245729237551\"],\"logo\":{\"@type\":\"ImageObject\",\"@id\":\"https:\/\/www.vertou-rugby13.fr\/#logo\",\"inLanguage\":\"fr-FR\",\"url\":\"https:\/\/www.vertou-rugby13.fr\/wp-content\/uploads\/2020\/07\/Logo-carre.png\",\"width\":1000,\"height\":1000,\"caption\":\"Vertou Rugby 13\"},\"image\":{\"@id\":\"https:\/\/www.vertou-rugby13.fr\/#logo\"}},{\"@type\":\"WebSite\",\"@id\":\"https:\/\/www.vertou-rugby13.fr\/#website\",\"url\":\"https:\/\/www.vertou-rugby13.fr\/\",\"name\":\"Vertou rugby 13\",\"description\":\"\",\"publisher\":{\"@id\":\"https:\/\/www.vertou-rugby13.fr\/#organization\"},\"potentialAction\":[{\"@type\":\"SearchAction\",\"target\":\"https:\/\/www.vertou-rugby13.fr\/?s={search_term_string}\",\"query-input\":\"required name=search_term_string\"}],\"inLanguage\":\"fr-FR\"},{\"@type\":\"ImageObject\",\"@id\":\"https:\/\/www.vertou-rugby13.fr\/index.php\/inscription-2020-2021\/#primaryimage\",\"inLanguage\":\"fr-FR\",\"url\":\"https:\/\/www.vertou-rugby13.fr\/wp-content\/uploads\/2020\/07\/we-need-you-1.jpg\",\"width\":512,\"height\":290},{\"@type\":\"WebPage\",\"@id\":\"https:\/\/www.vertou-rugby13.fr\/index.php\/inscription-2020-2021\/#webpage\",\"url\":\"https:\/\/www.vertou-rugby13.fr\/index.php\/inscription-2020-2021\/\",\"name\":\"Inscription 2023-2024 - Vertou rugby 13\",\"isPartOf\":{\"@id\":\"https:\/\/www.vertou-rugby13.fr\/#website\"},\"primaryImageOfPage\":{\"@id\":\"https:\/\/www.vertou-rugby13.fr\/index.php\/inscription-2020-2021\/#primaryimage\"},\"datePublished\":\"2020-07-29T14:34:54+00:00\",\"dateModified\":\"2023-08-29T22:36:04+00:00\",\"inLanguage\":\"fr-FR\",\"potentialAction\":[{\"@type\":\"ReadAction\",\"target\":[\"https:\/\/www.vertou-rugby13.fr\/index.php\/inscription-2020-2021\/\"]}]}]}<\/script>\n<!-- \/ Yoast SEO plugin. -->","_links":{"self":[{"href":"https:\/\/www.vertou-rugby13.fr\/index.php\/wp-json\/wp\/v2\/pages\/257"}],"collection":[{"href":"https:\/\/www.vertou-rugby13.fr\/index.php\/wp-json\/wp\/v2\/pages"}],"about":[{"href":"https:\/\/www.vertou-rugby13.fr\/index.php\/wp-json\/wp\/v2\/types\/page"}],"author":[{"embeddable":true,"href":"https:\/\/www.vertou-rugby13.fr\/index.php\/wp-json\/wp\/v2\/users\/1"}],"replies":[{"embeddable":true,"href":"https:\/\/www.vertou-rugby13.fr\/index.php\/wp-json\/wp\/v2\/comments?post=257"}],"version-history":[{"count":14,"href":"https:\/\/www.vertou-rugby13.fr\/index.php\/wp-json\/wp\/v2\/pages\/257\/revisions"}],"predecessor-version":[{"id":1133,"href":"https:\/\/www.vertou-rugby13.fr\/index.php\/wp-json\/wp\/v2\/pages\/257\/revisions\/1133"}],"wp:featuredmedia":[{"embeddable":true,"href":"https:\/\/www.vertou-rugby13.fr\/index.php\/wp-json\/wp\/v2\/media\/88"}],"wp:attachment":[{"href":"https:\/\/www.vertou-rugby13.fr\/index.php\/wp-json\/wp\/v2\/media?parent=257"}],"curies":[{"name":"wp","href":"https:\/\/api.w.org\/{rel}","templated":true}]}}