{"id":204,"date":"2020-07-29T14:56:35","date_gmt":"2020-07-29T12:56:35","guid":{"rendered":"https:\/\/www.vertou-rugby13.fr\/?page_id=204"},"modified":"2020-09-03T16:36:30","modified_gmt":"2020-09-03T14:36:30","slug":"contacts","status":"publish","type":"page","link":"https:\/\/www.vertou-rugby13.fr\/index.php\/contacts\/","title":{"rendered":"Contact"},"content":{"rendered":"\n<p>Pour tout renseignement merci de nous contacter \u00e0 l&rsquo;adresse suivante :<\/p>\n\n\n\n<p>T\u00e9l\u00e9phone : 06.62.66.29.32<\/p>\n\n\n\n<p>Mail : <a rel=\"noreferrer noopener\" href=\"mailto:vertou13@msn.com\" target=\"_blank\">vertou13@msn.com<\/a><\/p>\n","protected":false},"excerpt":{"rendered":"<p>Pour tout renseignement merci de nous contacter \u00e0 l&rsquo;adresse suivante : T\u00e9l\u00e9phone : 06.62.66.29.32 Mail : vertou13@msn.com<\/p>\n","protected":false},"author":1,"featured_media":0,"parent":0,"menu_order":0,"comment_status":"closed","ping_status":"closed","template":"","meta":[],"yoast_head":"<!-- This site is optimized with the Yoast SEO plugin v15.4 - https:\/\/yoast.com\/wordpress\/plugins\/seo\/ -->\n<title>Contact - Vertou rugby 13<\/title>\n<meta name=\"robots\" content=\"index, follow, max-snippet:-1, max-image-preview:large, max-video-preview:-1\" \/>\n<link rel=\"canonical\" href=\"https:\/\/www.vertou-rugby13.fr\/index.php\/contacts\/\" \/>\n<meta property=\"og:locale\" content=\"fr_FR\" \/>\n<meta property=\"og:type\" content=\"article\" \/>\n<meta property=\"og:title\" content=\"Contact - Vertou rugby 13\" \/>\n<meta property=\"og:description\" content=\"Pour tout renseignement merci de nous contacter \u00e0 l&rsquo;adresse suivante : T\u00e9l\u00e9phone : 06.62.66.29.32 Mail : vertou13@msn.com\" \/>\n<meta property=\"og:url\" content=\"https:\/\/www.vertou-rugby13.fr\/index.php\/contacts\/\" \/>\n<meta property=\"og:site_name\" content=\"Vertou rugby 13\" \/>\n<meta property=\"article:publisher\" content=\"https:\/\/www.facebook.com\/groups\/108245729237551\" \/>\n<meta property=\"article:modified_time\" content=\"2020-09-03T14:36:30+00:00\" \/>\n<meta name=\"twitter:card\" content=\"summary_large_image\" \/>\n<meta name=\"twitter:label1\" content=\"\u00c9crit par\">\n\t<meta name=\"twitter:data1\" content=\"admin3858\">\n\t<meta name=\"twitter:label2\" content=\"Dur\u00e9e de lecture est.\">\n\t<meta name=\"twitter:data2\" content=\"0 minute\">\n<script type=\"application\/ld+json\" class=\"yoast-schema-graph\">{\"@context\":\"https:\/\/schema.org\",\"@graph\":[{\"@type\":\"Organization\",\"@id\":\"https:\/\/www.vertou-rugby13.fr\/#organization\",\"name\":\"Vertou Rugby 13\",\"url\":\"https:\/\/www.vertou-rugby13.fr\/\",\"sameAs\":[\"https:\/\/www.facebook.com\/groups\/108245729237551\"],\"logo\":{\"@type\":\"ImageObject\",\"@id\":\"https:\/\/www.vertou-rugby13.fr\/#logo\",\"inLanguage\":\"fr-FR\",\"url\":\"https:\/\/www.vertou-rugby13.fr\/wp-content\/uploads\/2020\/07\/Logo-carre.png\",\"width\":1000,\"height\":1000,\"caption\":\"Vertou Rugby 13\"},\"image\":{\"@id\":\"https:\/\/www.vertou-rugby13.fr\/#logo\"}},{\"@type\":\"WebSite\",\"@id\":\"https:\/\/www.vertou-rugby13.fr\/#website\",\"url\":\"https:\/\/www.vertou-rugby13.fr\/\",\"name\":\"Vertou rugby 13\",\"description\":\"\",\"publisher\":{\"@id\":\"https:\/\/www.vertou-rugby13.fr\/#organization\"},\"potentialAction\":[{\"@type\":\"SearchAction\",\"target\":\"https:\/\/www.vertou-rugby13.fr\/?s={search_term_string}\",\"query-input\":\"required name=search_term_string\"}],\"inLanguage\":\"fr-FR\"},{\"@type\":\"WebPage\",\"@id\":\"https:\/\/www.vertou-rugby13.fr\/index.php\/contacts\/#webpage\",\"url\":\"https:\/\/www.vertou-rugby13.fr\/index.php\/contacts\/\",\"name\":\"Contact - Vertou rugby 13\",\"isPartOf\":{\"@id\":\"https:\/\/www.vertou-rugby13.fr\/#website\"},\"datePublished\":\"2020-07-29T12:56:35+00:00\",\"dateModified\":\"2020-09-03T14:36:30+00:00\",\"inLanguage\":\"fr-FR\",\"potentialAction\":[{\"@type\":\"ReadAction\",\"target\":[\"https:\/\/www.vertou-rugby13.fr\/index.php\/contacts\/\"]}]}]}<\/script>\n<!-- \/ Yoast SEO plugin. -->","_links":{"self":[{"href":"https:\/\/www.vertou-rugby13.fr\/index.php\/wp-json\/wp\/v2\/pages\/204"}],"collection":[{"href":"https:\/\/www.vertou-rugby13.fr\/index.php\/wp-json\/wp\/v2\/pages"}],"about":[{"href":"https:\/\/www.vertou-rugby13.fr\/index.php\/wp-json\/wp\/v2\/types\/page"}],"author":[{"embeddable":true,"href":"https:\/\/www.vertou-rugby13.fr\/index.php\/wp-json\/wp\/v2\/users\/1"}],"replies":[{"embeddable":true,"href":"https:\/\/www.vertou-rugby13.fr\/index.php\/wp-json\/wp\/v2\/comments?post=204"}],"version-history":[{"count":4,"href":"https:\/\/www.vertou-rugby13.fr\/index.php\/wp-json\/wp\/v2\/pages\/204\/revisions"}],"predecessor-version":[{"id":274,"href":"https:\/\/www.vertou-rugby13.fr\/index.php\/wp-json\/wp\/v2\/pages\/204\/revisions\/274"}],"wp:attachment":[{"href":"https:\/\/www.vertou-rugby13.fr\/index.php\/wp-json\/wp\/v2\/media?parent=204"}],"curies":[{"name":"wp","href":"https:\/\/api.w.org\/{rel}","templated":true}]}}