{"id":203,"date":"2020-07-29T14:56:35","date_gmt":"2020-07-29T12:56:35","guid":{"rendered":"https:\/\/www.vertou-rugby13.fr\/?page_id=203"},"modified":"2023-08-30T01:02:58","modified_gmt":"2023-08-29T23:02:58","slug":"terrain","status":"publish","type":"page","link":"https:\/\/www.vertou-rugby13.fr\/index.php\/terrain\/","title":{"rendered":"Terrain"},"content":{"rendered":"\n<p><strong>le petit terrain herbeux de VERTOU XIII<\/strong><\/p>\n\n\n\n<p>44120 Vertou<\/p>\n\n\n\n<p>Terrain : All\u00e9e de la Vigne de P\u00e2ques entre le gymnase Jean-Pierre Morel et le coll\u00e8ge Jean Monnet.<\/p>\n\n\n\n<pre class=\"wp-block-preformatted\"><iframe src=\"https:\/\/www.google.com\/maps\/embed?pb=!1m14!1m8!1m3!1d1243.7473323746203!2d-1.4664934680410902!3d47.16506249827359!3m2!1i1024!2i768!4f13.1!3m3!1m2!1s0x4805e7d3265a8495%3A0x850cbf27d181678b!2sTerrain%20de%20rugby%20%C3%A0%20XIII!5e0!3m2!1sfr!2sfr!4v1596027665468!5m2!1sfr!2sfr\" width=\"600\" height=\"450\" frameborder=\"0\" style=\"border:0;\" allowfullscreen=\"\" aria-hidden=\"false\" tabindex=\"0\"><\/iframe><\/pre>\n\n\n\n<p><\/p>\n","protected":false},"excerpt":{"rendered":"<p>le petit terrain herbeux de VERTOU XIII 44120 Vertou Terrain : All\u00e9e de la Vigne de P\u00e2ques entre le gymnase Jean-Pierre Morel et le coll\u00e8ge Jean Monnet.<\/p>\n","protected":false},"author":1,"featured_media":0,"parent":0,"menu_order":0,"comment_status":"closed","ping_status":"closed","template":"","meta":[],"yoast_head":"<!-- This site is optimized with the Yoast SEO plugin v15.4 - https:\/\/yoast.com\/wordpress\/plugins\/seo\/ -->\n<title>Terrain - Vertou rugby 13<\/title>\n<meta name=\"robots\" content=\"index, follow, max-snippet:-1, max-image-preview:large, max-video-preview:-1\" \/>\n<link rel=\"canonical\" href=\"https:\/\/www.vertou-rugby13.fr\/index.php\/terrain\/\" \/>\n<meta property=\"og:locale\" content=\"fr_FR\" \/>\n<meta property=\"og:type\" content=\"article\" \/>\n<meta property=\"og:title\" content=\"Terrain - Vertou rugby 13\" \/>\n<meta property=\"og:description\" content=\"le petit terrain herbeux de VERTOU XIII 44120 Vertou Terrain : All\u00e9e de la Vigne de P\u00e2ques entre le gymnase Jean-Pierre Morel et le coll\u00e8ge Jean Monnet.\" \/>\n<meta property=\"og:url\" content=\"https:\/\/www.vertou-rugby13.fr\/index.php\/terrain\/\" \/>\n<meta property=\"og:site_name\" content=\"Vertou rugby 13\" \/>\n<meta property=\"article:publisher\" content=\"https:\/\/www.facebook.com\/groups\/108245729237551\" \/>\n<meta property=\"article:modified_time\" content=\"2023-08-29T23:02:58+00:00\" \/>\n<meta name=\"twitter:card\" content=\"summary_large_image\" \/>\n<meta name=\"twitter:label1\" content=\"\u00c9crit par\">\n\t<meta name=\"twitter:data1\" content=\"admin3858\">\n\t<meta name=\"twitter:label2\" content=\"Dur\u00e9e de lecture est.\">\n\t<meta name=\"twitter:data2\" content=\"0 minute\">\n<script type=\"application\/ld+json\" class=\"yoast-schema-graph\">{\"@context\":\"https:\/\/schema.org\",\"@graph\":[{\"@type\":\"Organization\",\"@id\":\"https:\/\/www.vertou-rugby13.fr\/#organization\",\"name\":\"Vertou Rugby 13\",\"url\":\"https:\/\/www.vertou-rugby13.fr\/\",\"sameAs\":[\"https:\/\/www.facebook.com\/groups\/108245729237551\"],\"logo\":{\"@type\":\"ImageObject\",\"@id\":\"https:\/\/www.vertou-rugby13.fr\/#logo\",\"inLanguage\":\"fr-FR\",\"url\":\"https:\/\/www.vertou-rugby13.fr\/wp-content\/uploads\/2020\/07\/Logo-carre.png\",\"width\":1000,\"height\":1000,\"caption\":\"Vertou Rugby 13\"},\"image\":{\"@id\":\"https:\/\/www.vertou-rugby13.fr\/#logo\"}},{\"@type\":\"WebSite\",\"@id\":\"https:\/\/www.vertou-rugby13.fr\/#website\",\"url\":\"https:\/\/www.vertou-rugby13.fr\/\",\"name\":\"Vertou rugby 13\",\"description\":\"\",\"publisher\":{\"@id\":\"https:\/\/www.vertou-rugby13.fr\/#organization\"},\"potentialAction\":[{\"@type\":\"SearchAction\",\"target\":\"https:\/\/www.vertou-rugby13.fr\/?s={search_term_string}\",\"query-input\":\"required name=search_term_string\"}],\"inLanguage\":\"fr-FR\"},{\"@type\":\"WebPage\",\"@id\":\"https:\/\/www.vertou-rugby13.fr\/index.php\/terrain\/#webpage\",\"url\":\"https:\/\/www.vertou-rugby13.fr\/index.php\/terrain\/\",\"name\":\"Terrain - Vertou rugby 13\",\"isPartOf\":{\"@id\":\"https:\/\/www.vertou-rugby13.fr\/#website\"},\"datePublished\":\"2020-07-29T12:56:35+00:00\",\"dateModified\":\"2023-08-29T23:02:58+00:00\",\"inLanguage\":\"fr-FR\",\"potentialAction\":[{\"@type\":\"ReadAction\",\"target\":[\"https:\/\/www.vertou-rugby13.fr\/index.php\/terrain\/\"]}]}]}<\/script>\n<!-- \/ Yoast SEO plugin. -->","_links":{"self":[{"href":"https:\/\/www.vertou-rugby13.fr\/index.php\/wp-json\/wp\/v2\/pages\/203"}],"collection":[{"href":"https:\/\/www.vertou-rugby13.fr\/index.php\/wp-json\/wp\/v2\/pages"}],"about":[{"href":"https:\/\/www.vertou-rugby13.fr\/index.php\/wp-json\/wp\/v2\/types\/page"}],"author":[{"embeddable":true,"href":"https:\/\/www.vertou-rugby13.fr\/index.php\/wp-json\/wp\/v2\/users\/1"}],"replies":[{"embeddable":true,"href":"https:\/\/www.vertou-rugby13.fr\/index.php\/wp-json\/wp\/v2\/comments?post=203"}],"version-history":[{"count":5,"href":"https:\/\/www.vertou-rugby13.fr\/index.php\/wp-json\/wp\/v2\/pages\/203\/revisions"}],"predecessor-version":[{"id":1138,"href":"https:\/\/www.vertou-rugby13.fr\/index.php\/wp-json\/wp\/v2\/pages\/203\/revisions\/1138"}],"wp:attachment":[{"href":"https:\/\/www.vertou-rugby13.fr\/index.php\/wp-json\/wp\/v2\/media?parent=203"}],"curies":[{"name":"wp","href":"https:\/\/api.w.org\/{rel}","templated":true}]}}