{"id":135,"date":"2020-07-24T16:47:42","date_gmt":"2020-07-24T14:47:42","guid":{"rendered":"https:\/\/www.vertou-rugby13.fr\/?page_id=135"},"modified":"2020-07-29T14:51:04","modified_gmt":"2020-07-29T12:51:04","slug":"club","status":"publish","type":"page","link":"https:\/\/www.vertou-rugby13.fr\/index.php\/club\/","title":{"rendered":"Club"},"content":{"rendered":"\n<p><strong>Vertou XIII&nbsp;<\/strong>est un Club fond\u00e9 en 1986 par&nbsp;<strong>Jo\u00ebl MAUBOUCHER<\/strong>, puis repris, apr\u00e8s quelques ann\u00e9es de sommeil, en 2002 par&nbsp;<strong>Olivier BONNET<\/strong>, puis en 2012 par&nbsp;<strong>Thierry ROBIN<\/strong>.<\/p>\n\n\n\n<p>Notre \u00e9cole de rugby accueille les enfants \u00e0 partir de 3 \u00e0 5 ans.<\/p>\n\n\n\n<p>Notre association comptait 105 membres en 2018, dont 90 joueurs encadr\u00e9s par les membres du bureau (\u00e9ducateurs dipl\u00f4m\u00e9s, coachs, responsables de l\u2019association).<\/p>\n\n\n\n<p>Loisir, comp\u00e9tition, le club se place dans la droite lign\u00e9e des clubs de Rugby \u00e0 XIII avec :<\/p>\n\n\n\n<ul><li>Apprentissage du respect et de la loyaut\u00e9.<\/li><li>\u00c9galit\u00e9 entre les joueurs.<\/li><li>Protection des joueurs.<\/li><\/ul>\n\n\n\n<p>Notre \u00c9cole de Rugby participe \u00e0 des plateaux durant lesquels elle rencontre les autres clubs nantais. De plus, nos jeunes pousses participent \u00e0 deux tournois ext\u00e9rieurs, l&rsquo;un en r\u00e9gion parisienne et l&rsquo;autre dans le Lot et Garonne.<\/p>\n\n\n\n<p>Nos Minimes et Cadets, outre des matches de pr\u00e9paration sur Nantes, se d\u00e9placent pour des matches en r\u00e9gion parisienne.<\/p>\n\n\n\n<p>Les seniors loisirs participent \u00e0 des rencontres \u00ab\u00a0conviviales\u00a0\u00bb sur l&rsquo;agglom\u00e9ration nantaise.<\/p>\n\n\n\n<p>Le rugby \u00e0 XIII est une \u00e9cole o\u00f9 le respect de l&rsquo;autre est loi, mais, o\u00f9 les enfants avancent \u00e0 leur rythme tant dans les domaines humains que sportifs. L&rsquo;apprentissage est une affaire de temps et d&rsquo;\u00e9nergie.<\/p>\n","protected":false},"excerpt":{"rendered":"<p>Vertou XIII&nbsp;est un Club fond\u00e9 en 1986 par&nbsp;Jo\u00ebl MAUBOUCHER, puis repris, apr\u00e8s quelques ann\u00e9es de sommeil, en 2002 par&nbsp;Olivier BONNET, puis en 2012 par&nbsp;Thierry ROBIN. Notre \u00e9cole de rugby accueille les enfants \u00e0 partir de 3 \u00e0 5 ans. Notre association comptait 105 membres en 2018, dont 90 joueurs encadr\u00e9s par les membres du bureau [&hellip;]<\/p>\n","protected":false},"author":1,"featured_media":0,"parent":0,"menu_order":0,"comment_status":"closed","ping_status":"closed","template":"","meta":[],"yoast_head":"<!-- This site is optimized with the Yoast SEO plugin v15.4 - https:\/\/yoast.com\/wordpress\/plugins\/seo\/ -->\n<title>Club - Vertou rugby 13<\/title>\n<meta name=\"robots\" content=\"index, follow, max-snippet:-1, max-image-preview:large, max-video-preview:-1\" \/>\n<link rel=\"canonical\" href=\"https:\/\/www.vertou-rugby13.fr\/index.php\/club\/\" \/>\n<meta property=\"og:locale\" content=\"fr_FR\" \/>\n<meta property=\"og:type\" content=\"article\" \/>\n<meta property=\"og:title\" content=\"Club - Vertou rugby 13\" \/>\n<meta property=\"og:description\" content=\"Vertou XIII&nbsp;est un Club fond\u00e9 en 1986 par&nbsp;Jo\u00ebl MAUBOUCHER, puis repris, apr\u00e8s quelques ann\u00e9es de sommeil, en 2002 par&nbsp;Olivier BONNET, puis en 2012 par&nbsp;Thierry ROBIN. Notre \u00e9cole de rugby accueille les enfants \u00e0 partir de 3 \u00e0 5 ans. Notre association comptait 105 membres en 2018, dont 90 joueurs encadr\u00e9s par les membres du bureau [&hellip;]\" \/>\n<meta property=\"og:url\" content=\"https:\/\/www.vertou-rugby13.fr\/index.php\/club\/\" \/>\n<meta property=\"og:site_name\" content=\"Vertou rugby 13\" \/>\n<meta property=\"article:publisher\" content=\"https:\/\/www.facebook.com\/groups\/108245729237551\" \/>\n<meta property=\"article:modified_time\" content=\"2020-07-29T12:51:04+00:00\" \/>\n<meta name=\"twitter:card\" content=\"summary_large_image\" \/>\n<meta name=\"twitter:label1\" content=\"\u00c9crit par\">\n\t<meta name=\"twitter:data1\" content=\"admin3858\">\n\t<meta name=\"twitter:label2\" content=\"Dur\u00e9e de lecture est.\">\n\t<meta name=\"twitter:data2\" content=\"1 minute\">\n<script type=\"application\/ld+json\" class=\"yoast-schema-graph\">{\"@context\":\"https:\/\/schema.org\",\"@graph\":[{\"@type\":\"Organization\",\"@id\":\"https:\/\/www.vertou-rugby13.fr\/#organization\",\"name\":\"Vertou Rugby 13\",\"url\":\"https:\/\/www.vertou-rugby13.fr\/\",\"sameAs\":[\"https:\/\/www.facebook.com\/groups\/108245729237551\"],\"logo\":{\"@type\":\"ImageObject\",\"@id\":\"https:\/\/www.vertou-rugby13.fr\/#logo\",\"inLanguage\":\"fr-FR\",\"url\":\"https:\/\/www.vertou-rugby13.fr\/wp-content\/uploads\/2020\/07\/Logo-carre.png\",\"width\":1000,\"height\":1000,\"caption\":\"Vertou Rugby 13\"},\"image\":{\"@id\":\"https:\/\/www.vertou-rugby13.fr\/#logo\"}},{\"@type\":\"WebSite\",\"@id\":\"https:\/\/www.vertou-rugby13.fr\/#website\",\"url\":\"https:\/\/www.vertou-rugby13.fr\/\",\"name\":\"Vertou rugby 13\",\"description\":\"\",\"publisher\":{\"@id\":\"https:\/\/www.vertou-rugby13.fr\/#organization\"},\"potentialAction\":[{\"@type\":\"SearchAction\",\"target\":\"https:\/\/www.vertou-rugby13.fr\/?s={search_term_string}\",\"query-input\":\"required name=search_term_string\"}],\"inLanguage\":\"fr-FR\"},{\"@type\":\"WebPage\",\"@id\":\"https:\/\/www.vertou-rugby13.fr\/index.php\/club\/#webpage\",\"url\":\"https:\/\/www.vertou-rugby13.fr\/index.php\/club\/\",\"name\":\"Club - Vertou rugby 13\",\"isPartOf\":{\"@id\":\"https:\/\/www.vertou-rugby13.fr\/#website\"},\"datePublished\":\"2020-07-24T14:47:42+00:00\",\"dateModified\":\"2020-07-29T12:51:04+00:00\",\"inLanguage\":\"fr-FR\",\"potentialAction\":[{\"@type\":\"ReadAction\",\"target\":[\"https:\/\/www.vertou-rugby13.fr\/index.php\/club\/\"]}]}]}<\/script>\n<!-- \/ Yoast SEO plugin. -->","_links":{"self":[{"href":"https:\/\/www.vertou-rugby13.fr\/index.php\/wp-json\/wp\/v2\/pages\/135"}],"collection":[{"href":"https:\/\/www.vertou-rugby13.fr\/index.php\/wp-json\/wp\/v2\/pages"}],"about":[{"href":"https:\/\/www.vertou-rugby13.fr\/index.php\/wp-json\/wp\/v2\/types\/page"}],"author":[{"embeddable":true,"href":"https:\/\/www.vertou-rugby13.fr\/index.php\/wp-json\/wp\/v2\/users\/1"}],"replies":[{"embeddable":true,"href":"https:\/\/www.vertou-rugby13.fr\/index.php\/wp-json\/wp\/v2\/comments?post=135"}],"version-history":[{"count":2,"href":"https:\/\/www.vertou-rugby13.fr\/index.php\/wp-json\/wp\/v2\/pages\/135\/revisions"}],"predecessor-version":[{"id":200,"href":"https:\/\/www.vertou-rugby13.fr\/index.php\/wp-json\/wp\/v2\/pages\/135\/revisions\/200"}],"wp:attachment":[{"href":"https:\/\/www.vertou-rugby13.fr\/index.php\/wp-json\/wp\/v2\/media?parent=135"}],"curies":[{"name":"wp","href":"https:\/\/api.w.org\/{rel}","templated":true}]}}